{"id":4726,"date":"2025-07-06T06:40:01","date_gmt":"2025-07-06T12:40:01","guid":{"rendered":"https:\/\/buzkme.com\/bazar\/producto\/exprimidor-manual-multifuncion-rallador-medidor-jugos-4-en-1\/"},"modified":"2026-03-15T09:54:09","modified_gmt":"2026-03-15T15:54:09","slug":"exprimidor-manual-multifuncion-rallador-medidor-jugos-4-en-1","status":"publish","type":"product","link":"https:\/\/buzkme.com\/bazar\/producto\/exprimidor-manual-multifuncion-rallador-medidor-jugos-4-en-1\/","title":{"rendered":"EXPRIMIDOR MANUAL MULTIFUNCION RALLADOR MEDIDOR JUGOS 4 EN 1"},"content":{"rendered":"<p style=\"margin: 0px; padding: 0px; direction: ltr; font-size: 14px; line-height: 1.6; font-family: Poppins,Arial,Helvetica,sans-serif; font-style: normal; font-weight: 400; letter-spacing: normal; text-transform: none; text-align: left;\">Descripci\u00f3n<\/p>\n<p style=\"margin: 0px; padding: 0px; direction: ltr; font-size: 14px; line-height: 1.6; font-family: Poppins,Arial,Helvetica,sans-serif; font-style: normal; font-weight: 400; letter-spacing: normal; text-transform: none; text-align: left;\">-Exprime lim\u00f3n, naranja, dise\u00f1ado para extraer el jugo m\u00e1ximo con su extractor transparente.<\/p>\n<p style=\"margin: 0px; padding: 0px; direction: ltr; font-size: 14px; line-height: 1.6; font-family: Poppins,Arial,Helvetica,sans-serif; font-style: normal; font-weight: 400; letter-spacing: normal; text-transform: none; text-align: left;\">-El recipiente tiene relleno de goma en la parte inferior, este evita que se caiga durante su uso. \u00a1Anti derrame!<\/p>\n<p style=\"margin: 0px; padding: 0px; direction: ltr; font-size: 14px; line-height: 1.6; font-family: Poppins,Arial,Helvetica,sans-serif; font-style: normal; font-weight: 400; letter-spacing: normal; text-transform: none; text-align: left;\">-Rallador de cascara, fruta, corteza.<\/p>\n<p style=\"margin: 0px; padding: 0px; direction: ltr; font-size: 14px; line-height: 1.6; font-family: Poppins,Arial,Helvetica,sans-serif; font-style: normal; font-weight: 400; letter-spacing: normal; text-transform: none; text-align: left;\">-Multiusos se pueden utilizar como exprimidor rallador de lim\u00f3n, separador de yema de huevo y taza medidora.<\/p>\n<p style=\"margin: 0px; padding: 0px; direction: ltr; font-size: 14px; line-height: 1.6; font-family: Poppins,Arial,Helvetica,sans-serif; font-style: normal; font-weight: 400; letter-spacing: normal; text-transform: none; text-align: left;\">Caracter\u00edsticas<br \/>\nModelo: Exprimidor, rallador, separador, taza medidora.<br \/>\nColor: Transparente c\/ verde<br \/>\nMaterial: Abs, BPA Free<br \/>\nDimensiones: 8x13cm<\/p>\n<p style=\"margin: 0px; padding: 0px; direction: ltr; font-size: 14px; line-height: 1.6; font-family: Poppins,Arial,Helvetica,sans-serif; font-style: normal; font-weight: 400; letter-spacing: normal; text-transform: none; text-align: left;\">INCLUYE<br \/>\n1x Rallador<br \/>\n1x Exprimidor de 3 aspas (c\u00edtricos grandes)<br \/>\n1x Exprimidor de 12 aspas (limones \u00f3 limas)<br \/>\n1x Jarra con medidas<br \/>\n1x Goma antideslizante<\/p>\n","protected":false},"excerpt":{"rendered":"<p>Descripci\u00f3n -Exprime lim\u00f3n, naranja, dise\u00f1ado para extraer el jugo m\u00e1ximo con su extractor transparente. -El recipiente tiene relleno de goma en la parte inferior, este evita que se caiga durante su uso. \u00a1Anti derrame! -Rallador de cascara, fruta, corteza. -Multiusos se pueden utilizar como exprimidor rallador de lim\u00f3n, separador de yema de huevo y taza [&hellip;]<\/p>\n","protected":false},"featured_media":4724,"template":"","meta":[],"product_brand":[],"product_cat":[33],"product_tag":[],"class_list":{"0":"post-4726","1":"product","2":"type-product","3":"status-publish","4":"has-post-thumbnail","6":"product_cat-cocina","8":"first","9":"instock","10":"shipping-taxable","11":"purchasable","12":"product-type-simple"},"_links":{"self":[{"href":"https:\/\/buzkme.com\/bazar\/wp-json\/wp\/v2\/product\/4726","targetHints":{"allow":["GET"]}}],"collection":[{"href":"https:\/\/buzkme.com\/bazar\/wp-json\/wp\/v2\/product"}],"about":[{"href":"https:\/\/buzkme.com\/bazar\/wp-json\/wp\/v2\/types\/product"}],"wp:featuredmedia":[{"embeddable":true,"href":"https:\/\/buzkme.com\/bazar\/wp-json\/wp\/v2\/media\/4724"}],"wp:attachment":[{"href":"https:\/\/buzkme.com\/bazar\/wp-json\/wp\/v2\/media?parent=4726"}],"wp:term":[{"taxonomy":"product_brand","embeddable":true,"href":"https:\/\/buzkme.com\/bazar\/wp-json\/wp\/v2\/product_brand?post=4726"},{"taxonomy":"product_cat","embeddable":true,"href":"https:\/\/buzkme.com\/bazar\/wp-json\/wp\/v2\/product_cat?post=4726"},{"taxonomy":"product_tag","embeddable":true,"href":"https:\/\/buzkme.com\/bazar\/wp-json\/wp\/v2\/product_tag?post=4726"}],"curies":[{"name":"wp","href":"https:\/\/api.w.org\/{rel}","templated":true}]}}